{"id":13,"date":"2015-12-01T17:13:02","date_gmt":"2015-12-01T17:13:02","guid":{"rendered":"http:\/\/institutofreedom.wordpress.com\/?page_id=1"},"modified":"2025-01-28T20:37:59","modified_gmt":"2025-01-28T20:37:59","slug":"sobre-o-blog","status":"publish","type":"page","link":"https:\/\/institutofreedom.com.br\/blog\/sobre-o-blog\/","title":{"rendered":"Sobre o Blog"},"content":{"rendered":"<p>O <a href=\"https:\/\/www.institutofreedom.com.br\/\" target=\"_blank\" rel=\"noopener\"><strong>Instituto Freedom<\/strong><\/a> \u00e9 dedicado ao ensino de <a href=\"https:\/\/www.institutofreedom.com.br\/pos-graduacao-psicologia-analitica-hibrida\/\" target=\"_blank\" rel=\"noopener\">Psicologia Anal\u00edtica<\/a>, <a href=\"https:\/\/www.institutofreedom.com.br\/pos-graduacao-arteterapia\/\">Arteterapia<\/a>, <a href=\"https:\/\/www.institutofreedom.com.br\/pos-graduacao-psicossomatica-junguiana\/\">Psicossom\u00e1tica<\/a> e <a href=\"https:\/\/www.institutofreedom.com.br\/pos-graduacao-logoterapia\/\">Logoterapia e An\u00e1lise Existencial<\/a>, promovendo um ambiente de aprendizagem fraternal e democr\u00e1tico. Oferecemos cursos livres e p\u00f3s-gradua\u00e7\u00e3o, presenciais, online ao vivo e EAD, reconhecidos pelo MEC, com o objetivo de formar profissionais capacitados, com uma vis\u00e3o profunda sobre o comportamento humano.<\/p>\n<p>Oferecemos programas presenciais, online ao vivo e EAD, com reconhecimento pelo MEC, para garantir a qualidade e a forma\u00e7\u00e3o de nossos alunos. Os cursos s\u00e3o desenhados para proporcionar n\u00e3o apenas o conhecimento te\u00f3rico, mas tamb\u00e9m para fomentar o autoconhecimento e o desenvolvimento da consci\u00eancia.<\/p>\n<p>Al\u00e9m de nossos cursos, o Instituto Freedom promove atividades gratuitas, como lives e webinars, que enriquecem ainda mais o aprendizado e contribuem para o crescimento cont\u00ednuo de todos os participantes.<\/p>\n<p>Nosso prop\u00f3sito \u00e9 formar profissionais conscientes e preparados para lidar com os desafios do comportamento humano de forma emp\u00e1tica e eficaz. Acreditamos que o desenvolvimento pessoal e a consci\u00eancia de si mesmo s\u00e3o fundamentais para a pr\u00e1tica terap\u00eautica de qualidade.<\/p>\n<p>Ao longo de nossa trajet\u00f3ria, buscamos sempre oferecer um ensino inovador, com professores altamente qualificados e filiados \u00e0 IAAP (International Association of Analytical Psychology), proporcionando aos alunos uma experi\u00eancia rica e ampla em Psicologia Anal\u00edtica e Arteterapia.<\/p>\n","protected":false},"excerpt":{"rendered":"<p>O Instituto Freedom \u00e9 dedicado ao ensino de Psicologia Anal\u00edtica, Arteterapia, Psicossom\u00e1tica e Logoterapia e An\u00e1lise Existencial, promovendo um ambiente de aprendizagem fraternal e democr\u00e1tico. Oferecemos cursos livres e p\u00f3s-gradua\u00e7\u00e3o,&hellip;<\/p>\n","protected":false},"author":1,"featured_media":1905,"parent":0,"menu_order":0,"comment_status":"open","ping_status":"open","template":"","meta":{"footnotes":""},"class_list":["post-13","page","type-page","status-publish","has-post-thumbnail","hentry"],"_links":{"self":[{"href":"https:\/\/institutofreedom.com.br\/blog\/wp-json\/wp\/v2\/pages\/13","targetHints":{"allow":["GET"]}}],"collection":[{"href":"https:\/\/institutofreedom.com.br\/blog\/wp-json\/wp\/v2\/pages"}],"about":[{"href":"https:\/\/institutofreedom.com.br\/blog\/wp-json\/wp\/v2\/types\/page"}],"author":[{"embeddable":true,"href":"https:\/\/institutofreedom.com.br\/blog\/wp-json\/wp\/v2\/users\/1"}],"replies":[{"embeddable":true,"href":"https:\/\/institutofreedom.com.br\/blog\/wp-json\/wp\/v2\/comments?post=13"}],"version-history":[{"count":2,"href":"https:\/\/institutofreedom.com.br\/blog\/wp-json\/wp\/v2\/pages\/13\/revisions"}],"predecessor-version":[{"id":1906,"href":"https:\/\/institutofreedom.com.br\/blog\/wp-json\/wp\/v2\/pages\/13\/revisions\/1906"}],"wp:featuredmedia":[{"embeddable":true,"href":"https:\/\/institutofreedom.com.br\/blog\/wp-json\/wp\/v2\/media\/1905"}],"wp:attachment":[{"href":"https:\/\/institutofreedom.com.br\/blog\/wp-json\/wp\/v2\/media?parent=13"}],"curies":[{"name":"wp","href":"https:\/\/api.w.org\/{rel}","templated":true}]}}